{"id":24119,"date":"2025-06-03T12:05:41","date_gmt":"2025-06-03T10:05:41","guid":{"rendered":"https:\/\/www1.nohomedesign.com\/quienes-somos\/"},"modified":"2025-07-16T14:26:42","modified_gmt":"2025-07-16T12:26:42","slug":"quienes-somos","status":"publish","type":"page","link":"https:\/\/nohomedesign.com\/es\/quienes-somos\/","title":{"rendered":"Qui\u00e9nes somos"},"content":{"rendered":"\n<h2 class=\"wp-block-heading\"><strong>Historia de NoHomeDesign<\/strong><\/h2>\n\n<p>NoHomeDesign naci\u00f3 en 2022 de una frustraci\u00f3n personal. Markus Weber acababa de comprar su primer piso, un antiguo y encantador apartamento en M\u00fanich que necesitaba una reforma. Durante los meses que dur\u00f3 la renovaci\u00f3n, busc\u00f3 constantemente gu\u00edas fiables en alem\u00e1n que combinaran consejos pr\u00e1cticos con un dise\u00f1o moderno.<\/p>\n\n<p>El <strong>punto de inflexi\u00f3n<\/strong> lleg\u00f3 cuando Markus dirigi\u00f3 un taller sobre viviendas inteligentes y se dio cuenta de cu\u00e1nta gente anhelaba ideas inspiradoras pero realistas para vivir. \u00abLa mayor\u00eda de los blogs mostraban soluciones de lujo poco pr\u00e1cticas o consejos anticuados\u00bb, recuerda.<\/p>\n\n<p><strong>Misi\u00f3n:<\/strong> NoHomeDesign pretende tender un puente entre el dise\u00f1o profesional y la viabilidad del bricolaje. Creemos que todo el mundo, independientemente de su presupuesto, puede transformar su hogar en un lugar que d\u00e9 alegr\u00eda.<\/p>\n\n<p><strong>Valores:<\/strong><\/p>\n\n<ul class=\"wp-block-list\">\n<li><strong>Practicidad antes que perfecci\u00f3n<\/strong><\/li>\n\n\n\n<li><strong>Sostenibilidad en cada proyecto<\/strong><\/li>\n\n\n\n<li><strong>Recomendaciones honestas sobre productos<\/strong><\/li>\n\n\n\n<li><strong>Intercambio orientado a la comunidad<\/strong><\/li>\n<\/ul>\n\n<h2 class=\"wp-block-heading\">Nuestro equipo<\/h2>\n\n<figure class=\"wp-block-image size-full is-resized\"><img fetchpriority=\"high\" decoding=\"async\" width=\"1024\" height=\"1024\" src=\"data:image\/gif;base64,R0lGODlhAQABAAAAACH5BAEKAAEALAAAAAABAAEAAAICTAEAOw==\" data-src=\"https:\/\/nohomedesign.com\/wp-content\/uploads\/2025\/07\/Markus-Weber.png\" alt=\"\" class=\"wp-image-24113 lazyload\" style=\"width:200px\" data-sizes=\"auto\" data-srcset=\"https:\/\/nohomedesign.com\/wp-content\/uploads\/2025\/07\/Markus-Weber.png 1024w, https:\/\/nohomedesign.com\/wp-content\/uploads\/2025\/07\/Markus-Weber-300x300.png 300w, https:\/\/nohomedesign.com\/wp-content\/uploads\/2025\/07\/Markus-Weber-150x150.png 150w, https:\/\/nohomedesign.com\/wp-content\/uploads\/2025\/07\/Markus-Weber-768x768.png 768w, https:\/\/nohomedesign.com\/wp-content\/uploads\/2025\/07\/Markus-Weber-680x680.png 680w, https:\/\/nohomedesign.com\/wp-content\/uploads\/2025\/07\/Markus-Weber-200x200.png 200w, https:\/\/nohomedesign.com\/wp-content\/uploads\/2025\/07\/Markus-Weber-20x20.png 20w\" sizes=\"(max-width: 1024px) 100vw, 1024px\" \/><\/figure>\n\n<p><strong>Markus Weber<\/strong> &#8211; Fundador y autor principal<\/p>\n\n<p>Markus es un dise\u00f1ador de interiores muniqu\u00e9s de 34 a\u00f1os apasionado del bricolaje. Tras estudiar dise\u00f1o de interiores y trabajar varios a\u00f1os en renombrados estudios de arquitectura, decidi\u00f3 compartir sus conocimientos y su pasi\u00f3n por la vida creativa.<\/p>\n\n<p><strong>Personalidad:<\/strong> Perfeccionista y detallista, pero con los pies en la tierra y pr\u00e1ctica. A Markus le encanta desglosar proyectos de renovaci\u00f3n complejos en pasos sencillos y f\u00e1ciles de seguir.<\/p>\n\n<p><strong>Estilo de redacci\u00f3n:<\/strong> Amable y profesional, con un toque de humor. Tambi\u00e9n explica temas t\u00e9cnicos de forma comprensible y motiva a sus lectores para que ellos mismos se vuelvan activos.<\/p>\n\n<p><strong>Especializaci\u00f3n:<\/strong> integraci\u00f3n del hogar inteligente, renovaci\u00f3n sostenible, soluciones de ahorro de espacio para habitaciones peque\u00f1as<\/p>\n\n<p><strong>Motivaci\u00f3n:<\/strong> \u00abTodo el mundo se merece una casa que no s\u00f3lo sea bonita, sino tambi\u00e9n funcional y que refleje su personalidad\u00bb.<\/p>\n","protected":false},"excerpt":{"rendered":"<p>Historia de NoHomeDesign NoHomeDesign naci\u00f3 en 2022 de una frustraci\u00f3n personal. Markus Weber acababa de comprar su primer piso, un antiguo y encantador apartamento en M\u00fanich que necesitaba una reforma. Durante los meses que dur\u00f3 la renovaci\u00f3n, busc\u00f3 constantemente gu\u00edas fiables en alem\u00e1n que combinaran consejos pr\u00e1cticos con un dise\u00f1o moderno. El punto de inflexi\u00f3n [&hellip;]<\/p>\n","protected":false},"author":1,"featured_media":0,"parent":0,"menu_order":0,"comment_status":"closed","ping_status":"closed","template":"","meta":{"footnotes":""},"class_list":["post-24119","page","type-page","status-publish","hentry"],"_links":{"self":[{"href":"https:\/\/nohomedesign.com\/es\/wp-json\/wp\/v2\/pages\/24119","targetHints":{"allow":["GET"]}}],"collection":[{"href":"https:\/\/nohomedesign.com\/es\/wp-json\/wp\/v2\/pages"}],"about":[{"href":"https:\/\/nohomedesign.com\/es\/wp-json\/wp\/v2\/types\/page"}],"author":[{"embeddable":true,"href":"https:\/\/nohomedesign.com\/es\/wp-json\/wp\/v2\/users\/1"}],"replies":[{"embeddable":true,"href":"https:\/\/nohomedesign.com\/es\/wp-json\/wp\/v2\/comments?post=24119"}],"version-history":[{"count":2,"href":"https:\/\/nohomedesign.com\/es\/wp-json\/wp\/v2\/pages\/24119\/revisions"}],"predecessor-version":[{"id":24122,"href":"https:\/\/nohomedesign.com\/es\/wp-json\/wp\/v2\/pages\/24119\/revisions\/24122"}],"wp:attachment":[{"href":"https:\/\/nohomedesign.com\/es\/wp-json\/wp\/v2\/media?parent=24119"}],"curies":[{"name":"wp","href":"https:\/\/api.w.org\/{rel}","templated":true}]}}